{"id":556,"date":"2025-01-30T21:05:10","date_gmt":"2025-01-31T00:05:10","guid":{"rendered":"https:\/\/ecprev.com.br\/?page_id=556"},"modified":"2025-01-30T21:05:12","modified_gmt":"2025-01-31T00:05:12","slug":"quem-sou-eu","status":"publish","type":"page","link":"https:\/\/ecprev.com.br\/?page_id=556","title":{"rendered":"Quem Sou Eu?"},"content":{"rendered":"\n<p>Ol\u00e1! Seja muito bem-vindo ao meu blog. Meu nome \u00e9 <strong>Estefania Candil de Carvalho<\/strong>, sou advogada, m\u00e3e, esposa e uma apaixonada pelo Direito Previdenci\u00e1rio.<\/p>\n\n\n\n<p>Minha trajet\u00f3ria na advocacia \u00e9 marcada pelo compromisso em garantir que cada pessoa tenha seus direitos previdenci\u00e1rios reconhecidos, seja na hora de se aposentar, obter um benef\u00edcio por incapacidade ou revisar um direito negado. Acredito que informa\u00e7\u00e3o \u00e9 poder e, por isso, criei este espa\u00e7o para compartilhar conhecimento de forma clara e acess\u00edvel.<\/p>\n\n\n\n<p>Aqui, vou abordar temas do Direito Previdenci\u00e1rio sob a \u00f3tica de quem atua diariamente na \u00e1rea. Meu objetivo \u00e9 traduzir o \u201cjuridiqu\u00eas\u201d para que voc\u00ea entenda seus direitos e tome as melhores decis\u00f5es para o seu futuro previdenci\u00e1rio.<\/p>\n\n\n\n<p>Al\u00e9m de advogar, sou uma eterna estudante do Direito e da vida. A cada novo caso que atendo, vejo hist\u00f3rias de luta, supera\u00e7\u00e3o e desafios que refor\u00e7am a import\u00e2ncia do meu trabalho. Por isso, busco sempre aprimorar meus conhecimentos para oferecer um atendimento humanizado e eficiente, respeitando as necessidades e expectativas de cada cliente.<\/p>\n\n\n\n<p>Tamb\u00e9m acredito que a advocacia vai muito al\u00e9m de processos e burocracias. \u00c9 sobre acolher, orientar e dar voz a quem muitas vezes se sente desamparado diante do sistema previdenci\u00e1rio. Com esse blog, quero democratizar o acesso \u00e0 informa\u00e7\u00e3o, ajudando mais pessoas a entenderem seus direitos e a buscarem solu\u00e7\u00f5es justas para suas demandas.<\/p>\n\n\n\n<p>Se voc\u00ea tem d\u00favidas, sugest\u00f5es ou quer trocar ideias sobre o tema, fique \u00e0 vontade para comentar ou entrar em contato. Vamos juntos descomplicar o Direito Previdenci\u00e1rio!<\/p>\n","protected":false},"excerpt":{"rendered":"<p>Ol\u00e1! Seja muito bem-vindo ao meu blog. Meu nome \u00e9 Estefania Candil de Carvalho, sou advogada, m\u00e3e, esposa e uma apaixonada pelo Direito Previdenci\u00e1rio. Minha trajet\u00f3ria na advocacia \u00e9 marcada pelo compromisso em garantir que cada pessoa tenha seus direitos previdenci\u00e1rios reconhecidos, seja na hora de se aposentar, obter um benef\u00edcio por incapacidade ou revisar &#8230; <a title=\"Quem Sou Eu?\" class=\"read-more\" href=\"https:\/\/ecprev.com.br\/?page_id=556\" aria-label=\"Read more about Quem Sou Eu?\">Ler mais<\/a><\/p>\n","protected":false},"author":1,"featured_media":0,"parent":0,"menu_order":0,"comment_status":"closed","ping_status":"closed","template":"","meta":{"om_disable_all_campaigns":false,"footnotes":""},"class_list":["post-556","page","type-page","status-publish"],"aioseo_notices":[],"_links":{"self":[{"href":"https:\/\/ecprev.com.br\/index.php?rest_route=\/wp\/v2\/pages\/556","targetHints":{"allow":["GET"]}}],"collection":[{"href":"https:\/\/ecprev.com.br\/index.php?rest_route=\/wp\/v2\/pages"}],"about":[{"href":"https:\/\/ecprev.com.br\/index.php?rest_route=\/wp\/v2\/types\/page"}],"author":[{"embeddable":true,"href":"https:\/\/ecprev.com.br\/index.php?rest_route=\/wp\/v2\/users\/1"}],"replies":[{"embeddable":true,"href":"https:\/\/ecprev.com.br\/index.php?rest_route=%2Fwp%2Fv2%2Fcomments&post=556"}],"version-history":[{"count":1,"href":"https:\/\/ecprev.com.br\/index.php?rest_route=\/wp\/v2\/pages\/556\/revisions"}],"predecessor-version":[{"id":557,"href":"https:\/\/ecprev.com.br\/index.php?rest_route=\/wp\/v2\/pages\/556\/revisions\/557"}],"wp:attachment":[{"href":"https:\/\/ecprev.com.br\/index.php?rest_route=%2Fwp%2Fv2%2Fmedia&parent=556"}],"curies":[{"name":"wp","href":"https:\/\/api.w.org\/{rel}","templated":true}]}}