{"id":11,"date":"2020-10-19T12:00:03","date_gmt":"2020-10-19T12:00:03","guid":{"rendered":"http:\/\/ecprev.com.br\/?page_id=11"},"modified":"2025-01-30T22:23:08","modified_gmt":"2025-01-31T01:23:08","slug":"home","status":"publish","type":"page","link":"https:\/\/ecprev.com.br\/?page_id=11","title":{"rendered":"Comece Aqui"},"content":{"rendered":"\n<p>Aposente-se sem complica\u00e7\u00f5es e com seguran\u00e7a!<\/p>\n\n\n\n<p>Aposentar-se com tranquilidade e seguran\u00e7a \u00e9 o sonho de milh\u00f5es de brasileiros, mas o caminho at\u00e9 l\u00e1 pode ser desafiador. O blog <strong>&#8220;Aposente Sem Erro&#8221;<\/strong> nasce com a miss\u00e3o de oferecer informa\u00e7\u00f5es claras, precisas e acess\u00edveis sobre aposentadoria e benef\u00edcios previdenci\u00e1rios. Nosso objetivo \u00e9 simplificar o complexo sistema do INSS, ajudando trabalhadores a entenderem seus direitos e a tomarem decis\u00f5es estrat\u00e9gicas para garantir o melhor benef\u00edcio poss\u00edvel.<\/p>\n\n\n\n<p>Aqui, abordamos temas essenciais como as regras atualizadas da aposentadoria, as mudan\u00e7as trazidas pela reforma previdenci\u00e1ria, dicas para aumentar o valor do benef\u00edcio e os principais erros que podem comprometer a sua aposentadoria. Com um conte\u00fado direto e confi\u00e1vel, queremos que voc\u00ea tenha acesso \u00e0s melhores estrat\u00e9gias para planejar seu futuro sem dores de cabe\u00e7a.<\/p>\n\n\n\n<p>Nosso blog \u00e9 um espa\u00e7o para todos: trabalhadores da iniciativa privada, servidores p\u00fablicos, aut\u00f4nomos, microempreendedores individuais (MEIs) e qualquer pessoa que queira entender melhor como funciona o sistema previdenci\u00e1rio. Sabemos que muitas d\u00favidas surgem ao longo da jornada at\u00e9 a aposentadoria, e estamos aqui para responder cada uma delas de forma did\u00e1tica e acess\u00edvel.<\/p>\n\n\n\n<p>Al\u00e9m dos artigos informativos, oferecemos guias passo a passo, simula\u00e7\u00f5es, dicas pr\u00e1ticas e at\u00e9 mesmo an\u00e1lises de casos reais para que voc\u00ea possa visualizar como as regras se aplicam na pr\u00e1tica. Nosso compromisso \u00e9 fornecer um conte\u00fado atualizado e alinhado com as diretrizes mais recentes da legisla\u00e7\u00e3o previdenci\u00e1ria.<\/p>\n\n\n\n<p>Se voc\u00ea quer se aposentar sem erro, evitando preju\u00edzos e garantindo o m\u00e1ximo de benef\u00edcio, acompanhe nosso blog e fique por dentro das melhores orienta\u00e7\u00f5es. O conhecimento \u00e9 a chave para uma aposentadoria mais segura e vantajosa, e estamos aqui para gui\u00e1-lo nessa jornada! \ud83d\ude80<\/p>\n\n\n\n<figure class=\"wp-block-image size-large\"><img fetchpriority=\"high\" decoding=\"async\" width=\"1024\" height=\"1024\" src=\"https:\/\/ecprev.com.br\/wp-content\/uploads\/2025\/01\/ECPREV_FUNDO-BRANCO-1024x1024.jpg\" alt=\"\" class=\"wp-image-554\" srcset=\"https:\/\/ecprev.com.br\/wp-content\/uploads\/2025\/01\/ECPREV_FUNDO-BRANCO-1024x1024.jpg 1024w, https:\/\/ecprev.com.br\/wp-content\/uploads\/2025\/01\/ECPREV_FUNDO-BRANCO-300x300.jpg 300w, https:\/\/ecprev.com.br\/wp-content\/uploads\/2025\/01\/ECPREV_FUNDO-BRANCO-150x150.jpg 150w, https:\/\/ecprev.com.br\/wp-content\/uploads\/2025\/01\/ECPREV_FUNDO-BRANCO-768x768.jpg 768w, https:\/\/ecprev.com.br\/wp-content\/uploads\/2025\/01\/ECPREV_FUNDO-BRANCO-1536x1536.jpg 1536w, https:\/\/ecprev.com.br\/wp-content\/uploads\/2025\/01\/ECPREV_FUNDO-BRANCO-2048x2048.jpg 2048w\" sizes=\"(max-width: 1024px) 100vw, 1024px\" \/><\/figure>\n","protected":false},"excerpt":{"rendered":"<p>Aposente-se sem complica\u00e7\u00f5es e com seguran\u00e7a! Aposentar-se com tranquilidade e seguran\u00e7a \u00e9 o sonho de milh\u00f5es de brasileiros, mas o caminho at\u00e9 l\u00e1 pode ser desafiador. O blog &#8220;Aposente Sem Erro&#8221; nasce com a miss\u00e3o de oferecer informa\u00e7\u00f5es claras, precisas e acess\u00edveis sobre aposentadoria e benef\u00edcios previdenci\u00e1rios. Nosso objetivo \u00e9 simplificar o complexo sistema do &#8230; <a title=\"Comece Aqui\" class=\"read-more\" href=\"https:\/\/ecprev.com.br\/?page_id=11\" aria-label=\"Read more about Comece Aqui\">Ler mais<\/a><\/p>\n","protected":false},"author":1,"featured_media":599,"parent":0,"menu_order":0,"comment_status":"closed","ping_status":"closed","template":"","meta":{"om_disable_all_campaigns":false,"footnotes":""},"class_list":["post-11","page","type-page","status-publish","has-post-thumbnail"],"aioseo_notices":[],"_links":{"self":[{"href":"https:\/\/ecprev.com.br\/index.php?rest_route=\/wp\/v2\/pages\/11","targetHints":{"allow":["GET"]}}],"collection":[{"href":"https:\/\/ecprev.com.br\/index.php?rest_route=\/wp\/v2\/pages"}],"about":[{"href":"https:\/\/ecprev.com.br\/index.php?rest_route=\/wp\/v2\/types\/page"}],"author":[{"embeddable":true,"href":"https:\/\/ecprev.com.br\/index.php?rest_route=\/wp\/v2\/users\/1"}],"replies":[{"embeddable":true,"href":"https:\/\/ecprev.com.br\/index.php?rest_route=%2Fwp%2Fv2%2Fcomments&post=11"}],"version-history":[{"count":7,"href":"https:\/\/ecprev.com.br\/index.php?rest_route=\/wp\/v2\/pages\/11\/revisions"}],"predecessor-version":[{"id":615,"href":"https:\/\/ecprev.com.br\/index.php?rest_route=\/wp\/v2\/pages\/11\/revisions\/615"}],"wp:featuredmedia":[{"embeddable":true,"href":"https:\/\/ecprev.com.br\/index.php?rest_route=\/wp\/v2\/media\/599"}],"wp:attachment":[{"href":"https:\/\/ecprev.com.br\/index.php?rest_route=%2Fwp%2Fv2%2Fmedia&parent=11"}],"curies":[{"name":"wp","href":"https:\/\/api.w.org\/{rel}","templated":true}]}}